{"id":1732,"date":"2019-03-08T21:01:36","date_gmt":"2019-03-08T21:01:36","guid":{"rendered":"https:\/\/110grad.de\/?page_id=1732"},"modified":"2019-03-08T21:01:36","modified_gmt":"2019-03-08T21:01:36","slug":"strom-wasser-abstellen-sommer","status":"publish","type":"page","link":"https:\/\/110grad.de\/?page_id=1732","title":{"rendered":"Strom Wasser abstellen Sommer"},"content":{"rendered":"<p>Sommer<br \/>\nStrom und Wasser abschalten.Bitte alle Schritte, Einer nach dem Anderen abarbeiten.<br \/>\nWenn die Temperaturen sicher \u00fcber 5\u00b0C liegen, m\u00fcssen die Wasserleitungen nicht entleert werden. Beim Verlassen der M\u00fchle gen\u00fcgt es, den Strom abzuschalten.<br \/>\n1. Im Keller den Hauptschalter f\u00fcr Strom M\u00fchle ausschalten.<br \/>\nDas war alles.<\/p>\n","protected":false},"excerpt":{"rendered":"<p>Sommer Strom und Wasser abschalten.Bitte alle Schritte, Einer nach dem Anderen abarbeiten. Wenn die Temperaturen sicher \u00fcber 5\u00b0C liegen, m\u00fcssen die Wasserleitungen nicht entleert werden. Beim Verlassen der M\u00fchle gen\u00fcgt es, den Strom abzuschalten. 1. Im Keller den Hauptschalter f\u00fcr Strom M\u00fchle ausschalten. Das war alles.<\/p>\n","protected":false},"author":1,"featured_media":0,"parent":321,"menu_order":1,"comment_status":"closed","ping_status":"closed","template":"","meta":{"_crdt_document":"","footnotes":""},"class_list":["post-1732","page","type-page","status-publish","hentry"],"_links":{"self":[{"href":"https:\/\/110grad.de\/index.php?rest_route=\/wp\/v2\/pages\/1732","targetHints":{"allow":["GET"]}}],"collection":[{"href":"https:\/\/110grad.de\/index.php?rest_route=\/wp\/v2\/pages"}],"about":[{"href":"https:\/\/110grad.de\/index.php?rest_route=\/wp\/v2\/types\/page"}],"author":[{"embeddable":true,"href":"https:\/\/110grad.de\/index.php?rest_route=\/wp\/v2\/users\/1"}],"replies":[{"embeddable":true,"href":"https:\/\/110grad.de\/index.php?rest_route=%2Fwp%2Fv2%2Fcomments&post=1732"}],"version-history":[{"count":1,"href":"https:\/\/110grad.de\/index.php?rest_route=\/wp\/v2\/pages\/1732\/revisions"}],"predecessor-version":[{"id":1733,"href":"https:\/\/110grad.de\/index.php?rest_route=\/wp\/v2\/pages\/1732\/revisions\/1733"}],"up":[{"embeddable":true,"href":"https:\/\/110grad.de\/index.php?rest_route=\/wp\/v2\/pages\/321"}],"wp:attachment":[{"href":"https:\/\/110grad.de\/index.php?rest_route=%2Fwp%2Fv2%2Fmedia&parent=1732"}],"curies":[{"name":"wp","href":"https:\/\/api.w.org\/{rel}","templated":true}]}}