{"id":1738,"date":"2019-03-08T21:18:25","date_gmt":"2019-03-08T21:18:25","guid":{"rendered":"https:\/\/110grad.de\/?page_id=1738"},"modified":"2019-03-08T21:18:25","modified_gmt":"2019-03-08T21:18:25","slug":"strom-wasser-einschalten-sommer","status":"publish","type":"page","link":"https:\/\/110grad.de\/?page_id=1738","title":{"rendered":"Strom Wasser einschalten Sommer"},"content":{"rendered":"<h4>Sommer<\/h4>\n<p>Im Sommer, wenn nachts die Temperaturen sicher nicht unter 5\u00b0C fallen, muss beim Verlassen der M\u00fchle nur der Strom abgeschalten werden. Es muss an der Wasserversorgung nichts gemacht werden. Das macht es einfach wenn man dann an die M\u00fchle kommt.<\/p>\n<h5>Strom einschalten<\/h5>\n<p>Im Keller:<br \/>\n1. Schauen ob im Keller alle Entleerh\u00e4hne an den Wasserleitungen zu sind. Ansonsten gibt es \u00dcberschwemmung wenn der Strom eingeschalten wird.<br \/>\n2. Ist die Pumpe eingeschalten? Das ist der rote Schalter an dem Kasten. Wenn nicht, dann den Schalter auf &#8222;1&#8220;<br \/>\n<a href=\"http:\/\/110grad.de\/wp-content\/uploads\/2018\/11\/Pressostat-und-Schalter-Pumpe.png\"><img decoding=\"async\" src=\"http:\/\/110grad.de\/wp-content\/uploads\/2018\/11\/Pressostat-und-Schalter-Pumpe-283x300.png\" alt=\"\" \/><\/a><br \/>\nDann den Hauptschalter f\u00fcr &#8222;Strom M\u00fchle&#8220; einschalten.<br \/>\n<a href=\"https:\/\/110grad.de\/wp-content\/uploads\/2019\/01\/DetailStromkasten.jpg\"><img decoding=\"async\" src=\"https:\/\/110grad.de\/wp-content\/uploads\/2019\/01\/DetailStromkasten-236x300.jpg\" alt=\"\" \/><\/a><br \/>\n3 .Hauptschalter Strom M\u00fchle und Sauna, oberhalb des mittleren Stromz\u00e4hlers. Wenn der Stromschalter eingeschalten wird, wird auch der Boiler eingeschalten.<br \/>\nPr\u00fcfen ob die Pumpe funktioniert. Entweder draussen am Hahn Wasser zapfen oder am Pressostat schauen.<br \/>\n<a href=\"http:\/\/110grad.de\/wp-content\/uploads\/2018\/11\/pressostat-2.jpg\"><img decoding=\"async\" src=\"http:\/\/110grad.de\/wp-content\/uploads\/2018\/11\/pressostat-2-258x300.jpg\" alt=\"\" \/><\/a><br \/>\nDer Druck sollte so bei 4 bar sein.<br \/>\nAlles ist gut.<\/p>\n<p>Wenn die Pumpe im Sommerbetrieb auf St\u00f6rung geht, ist es am wahrscheinlichsten dass sich Luft in den Leitungen befindet. Bei St\u00f6rung sieht das so aus:<br \/>\n<a href=\"http:\/\/110grad.de\/wp-content\/uploads\/2018\/01\/20180102_162112-e1516392404922.jpg\"><img decoding=\"async\" src=\"http:\/\/110grad.de\/wp-content\/uploads\/2018\/01\/20180102_162112-e1516392404922-300x198.jpg\" alt=\"\" \/><\/a><br \/>\nDie gr\u00fcne LED leuchtet &#8211;> Pumpen Controller ist EIN<br \/>\nDie rote LED leuchtet &#8211;> Es liegt eine St\u00f6rung an<\/p>\n<p>Entl\u00fcften:<br \/>\n&#8211; Dazu nach draussen gehen, alle H\u00e4hne ein bisschen (ganz wenig) \u00f6ffnen damit eventuelle Luft aus den Leitungen entweichen kann.<br \/>\n&#8211; Am Pressostat (Pumpen Controller) auf die Hand (reset) dr\u00fccken. &#8211;> die Pumpe l\u00e4uft an und dr\u00fcckt die Luft aus den Leitungen. Den Finger vom Taster nehmen. Jetzt sollte die Pumpe laufen.<br \/>\n&#8211; Rasch nach draussen gehen und die Wasserh\u00e4hne schliessen. Es m\u00fcsste jetzt draussen kr\u00e4ftig sprudeln.<\/p>\n","protected":false},"excerpt":{"rendered":"<p>Sommer Im Sommer, wenn nachts die Temperaturen sicher nicht unter 5\u00b0C fallen, muss beim Verlassen der M\u00fchle nur der Strom abgeschalten werden. Es muss an der Wasserversorgung nichts gemacht werden. Das macht es einfach wenn man dann an die M\u00fchle kommt. Strom einschalten Im Keller: 1. Schauen ob im Keller alle Entleerh\u00e4hne an den Wasserleitungen &hellip; <a href=\"https:\/\/110grad.de\/?page_id=1738\" class=\"more-link\"><span class=\"screen-reader-text\">Strom Wasser einschalten Sommer<\/span> weiterlesen<\/a><\/p>\n","protected":false},"author":1,"featured_media":0,"parent":321,"menu_order":3,"comment_status":"closed","ping_status":"closed","template":"","meta":{"_crdt_document":"","footnotes":""},"class_list":["post-1738","page","type-page","status-publish","hentry"],"_links":{"self":[{"href":"https:\/\/110grad.de\/index.php?rest_route=\/wp\/v2\/pages\/1738","targetHints":{"allow":["GET"]}}],"collection":[{"href":"https:\/\/110grad.de\/index.php?rest_route=\/wp\/v2\/pages"}],"about":[{"href":"https:\/\/110grad.de\/index.php?rest_route=\/wp\/v2\/types\/page"}],"author":[{"embeddable":true,"href":"https:\/\/110grad.de\/index.php?rest_route=\/wp\/v2\/users\/1"}],"replies":[{"embeddable":true,"href":"https:\/\/110grad.de\/index.php?rest_route=%2Fwp%2Fv2%2Fcomments&post=1738"}],"version-history":[{"count":1,"href":"https:\/\/110grad.de\/index.php?rest_route=\/wp\/v2\/pages\/1738\/revisions"}],"predecessor-version":[{"id":1739,"href":"https:\/\/110grad.de\/index.php?rest_route=\/wp\/v2\/pages\/1738\/revisions\/1739"}],"up":[{"embeddable":true,"href":"https:\/\/110grad.de\/index.php?rest_route=\/wp\/v2\/pages\/321"}],"wp:attachment":[{"href":"https:\/\/110grad.de\/index.php?rest_route=%2Fwp%2Fv2%2Fmedia&parent=1738"}],"curies":[{"name":"wp","href":"https:\/\/api.w.org\/{rel}","templated":true}]}}