{"id":1895,"date":"2020-06-01T20:56:26","date_gmt":"2020-06-01T20:56:26","guid":{"rendered":"https:\/\/110grad.de\/?page_id=1895"},"modified":"2021-05-09T16:34:50","modified_gmt":"2021-05-09T16:34:50","slug":"lorawan","status":"publish","type":"page","link":"https:\/\/110grad.de\/?page_id=1895","title":{"rendered":"LoRaWAN"},"content":{"rendered":"<p>LoRaWAN<\/p>\n<p>Sensordaten empfangen und senden.<\/p>\n<p>Beispiel:<br \/>\nMessen der Aufheizzeit einer Sauna in Abh\u00e4ngigkeit der Au\u00dfentemperatur.<br \/>\nIn l\u00e4ndlicher Umgebung, ohne WLAN, ohne GSM Abdeckung.<\/p>\n<p>Aufbau eines LoRaWAN Netzes.<\/p>\n<p><a href=\"https:\/\/110grad.de\/wp-content\/uploads\/dygraphs\/dygraphs%20up%20to%202021-04-05.html\" target=\"_blank\" rel=\"noopener\">Sauna Temperaturen 2019-2021 (Stand April 2021)<\/a><br \/>\nInteraktive Grafik, \u00f6ffnet auf neuer Seite.<a href=\"https:\/\/110grad.de\/wp-content\/uploads\/2021\/03\/Rplot01.png\"><img loading=\"lazy\" decoding=\"async\" class=\"wp-image-2087 size-large\" src=\"https:\/\/110grad.de\/wp-content\/uploads\/2021\/03\/Rplot01-1024x210.png\" alt=\"\" width=\"660\" height=\"135\" srcset=\"https:\/\/110grad.de\/wp-content\/uploads\/2021\/03\/Rplot01-1024x210.png 1024w, https:\/\/110grad.de\/wp-content\/uploads\/2021\/03\/Rplot01-300x61.png 300w, https:\/\/110grad.de\/wp-content\/uploads\/2021\/03\/Rplot01-768x157.png 768w, https:\/\/110grad.de\/wp-content\/uploads\/2021\/03\/Rplot01.png 1475w\" sizes=\"auto, (max-width: 660px) 100vw, 660px\" \/><\/a><\/p>\n<p>Nov. 2019 bis M\u00e4rz 2020, Temperaturen Innen und Au\u00dfen (Stand M\u00e4rz 2021)<\/p>\n<hr \/>\n<figure id=\"attachment_2135\" aria-describedby=\"caption-attachment-2135\" style=\"width: 660px\" class=\"wp-caption alignleft\"><a href=\"https:\/\/110grad.de\/wp-content\/uploads\/2021\/04\/Duration_DateTimStart_Temperature.jpeg\"><img loading=\"lazy\" decoding=\"async\" class=\"wp-image-2135 size-large\" src=\"https:\/\/110grad.de\/wp-content\/uploads\/2021\/04\/Duration_DateTimStart_Temperature-1024x455.jpeg\" alt=\"\" width=\"660\" height=\"293\" srcset=\"https:\/\/110grad.de\/wp-content\/uploads\/2021\/04\/Duration_DateTimStart_Temperature-1024x455.jpeg 1024w, https:\/\/110grad.de\/wp-content\/uploads\/2021\/04\/Duration_DateTimStart_Temperature-300x133.jpeg 300w, https:\/\/110grad.de\/wp-content\/uploads\/2021\/04\/Duration_DateTimStart_Temperature-768x341.jpeg 768w, https:\/\/110grad.de\/wp-content\/uploads\/2021\/04\/Duration_DateTimStart_Temperature-1536x683.jpeg 1536w, https:\/\/110grad.de\/wp-content\/uploads\/2021\/04\/Duration_DateTimStart_Temperature.jpeg 1802w\" sizes=\"auto, (max-width: 660px) 100vw, 660px\" \/><\/a><figcaption id=\"caption-attachment-2135\" class=\"wp-caption-text\">Aufheizdauer und erreichte Temperatur<\/figcaption><\/figure>\n<figure id=\"attachment_2144\" aria-describedby=\"caption-attachment-2144\" style=\"width: 660px\" class=\"wp-caption alignleft\"><a href=\"https:\/\/110grad.de\/wp-content\/uploads\/2021\/05\/HeatUpDays-11-2019-05-2021.jpeg\"><img loading=\"lazy\" decoding=\"async\" class=\"wp-image-2144 size-large\" src=\"https:\/\/110grad.de\/wp-content\/uploads\/2021\/05\/HeatUpDays-11-2019-05-2021-1024x427.jpeg\" alt=\"\" width=\"660\" height=\"275\" srcset=\"https:\/\/110grad.de\/wp-content\/uploads\/2021\/05\/HeatUpDays-11-2019-05-2021-1024x427.jpeg 1024w, https:\/\/110grad.de\/wp-content\/uploads\/2021\/05\/HeatUpDays-11-2019-05-2021-300x125.jpeg 300w, https:\/\/110grad.de\/wp-content\/uploads\/2021\/05\/HeatUpDays-11-2019-05-2021-768x321.jpeg 768w, https:\/\/110grad.de\/wp-content\/uploads\/2021\/05\/HeatUpDays-11-2019-05-2021-1536x641.jpeg 1536w, https:\/\/110grad.de\/wp-content\/uploads\/2021\/05\/HeatUpDays-11-2019-05-2021-2048x855.jpeg 2048w\" sizes=\"auto, (max-width: 660px) 100vw, 660px\" \/><\/a><figcaption id=\"caption-attachment-2144\" class=\"wp-caption-text\">Tage an denen \u00fcber 70\u00b0C eingehizt wurde.<\/figcaption><\/figure>\n<hr \/>\n<hr \/>\n","protected":false},"excerpt":{"rendered":"<p>LoRaWAN Sensordaten empfangen und senden. Beispiel: Messen der Aufheizzeit einer Sauna in Abh\u00e4ngigkeit der Au\u00dfentemperatur. In l\u00e4ndlicher Umgebung, ohne WLAN, ohne GSM Abdeckung. Aufbau eines LoRaWAN Netzes. Sauna Temperaturen 2019-2021 (Stand April 2021) Interaktive Grafik, \u00f6ffnet auf neuer Seite. Nov. 2019 bis M\u00e4rz 2020, Temperaturen Innen und Au\u00dfen (Stand M\u00e4rz 2021)<\/p>\n","protected":false},"author":1,"featured_media":0,"parent":0,"menu_order":0,"comment_status":"closed","ping_status":"closed","template":"","meta":{"_crdt_document":"","footnotes":""},"class_list":["post-1895","page","type-page","status-publish","hentry"],"_links":{"self":[{"href":"https:\/\/110grad.de\/index.php?rest_route=\/wp\/v2\/pages\/1895","targetHints":{"allow":["GET"]}}],"collection":[{"href":"https:\/\/110grad.de\/index.php?rest_route=\/wp\/v2\/pages"}],"about":[{"href":"https:\/\/110grad.de\/index.php?rest_route=\/wp\/v2\/types\/page"}],"author":[{"embeddable":true,"href":"https:\/\/110grad.de\/index.php?rest_route=\/wp\/v2\/users\/1"}],"replies":[{"embeddable":true,"href":"https:\/\/110grad.de\/index.php?rest_route=%2Fwp%2Fv2%2Fcomments&post=1895"}],"version-history":[{"count":32,"href":"https:\/\/110grad.de\/index.php?rest_route=\/wp\/v2\/pages\/1895\/revisions"}],"predecessor-version":[{"id":2146,"href":"https:\/\/110grad.de\/index.php?rest_route=\/wp\/v2\/pages\/1895\/revisions\/2146"}],"wp:attachment":[{"href":"https:\/\/110grad.de\/index.php?rest_route=%2Fwp%2Fv2%2Fmedia&parent=1895"}],"curies":[{"name":"wp","href":"https:\/\/api.w.org\/{rel}","templated":true}]}}